{"id":13,"date":"2017-02-07T15:22:36","date_gmt":"2017-02-07T15:22:36","guid":{"rendered":"http:\/\/themenectar.com\/demo\/salient-startup\/?page_id=13"},"modified":"2025-07-04T12:27:32","modified_gmt":"2025-07-04T10:27:32","slug":"blog","status":"publish","type":"page","link":"https:\/\/alexenequipacionesdeportivas.com\/en\/blog\/","title":{"rendered":"Blog"},"content":{"rendered":"<div id=\"fws_69e25ecbc909b\"  data-column-margin=\"default\" data-midnight=\"dark\"  class=\"wpb_row vc_row-fluid vc_row full-width-content vc_row-o-equal-height vc_row-flex vc_row-o-content-top\"  style=\"padding-top: 0px; padding-bottom: 0px; \"><div class=\"row-bg-wrap\" data-bg-animation=\"none\" data-bg-animation-delay=\"\" data-bg-overlay=\"false\"><div class=\"inner-wrap row-bg-layer\" ><div class=\"row-bg viewport-desktop\"  style=\"\"><\/div><\/div><\/div><div class=\"row_col_wrap_12 col span_12 dark left\">\n\t<div  class=\"vc_col-sm-12 wpb_column column_container vc_column_container col no-extra-padding inherit_tablet inherit_phone\"  data-padding-pos=\"all\" data-has-bg-color=\"false\" data-bg-color=\"\" data-bg-opacity=\"1\" data-animation=\"\" data-delay=\"0\" >\n\t\t<div class=\"vc_column-inner\" >\n\t\t\t<div class=\"wpb_wrapper\">\n\t\t\t\t<div id=\"rps_69e25ecbca72a\" class=\"nectar-recent-posts-single_featured nectar-recent-posts-element multiple_featured parallax_section\" data-max-width=\"default\" data-button-color=\"accent-color\" data-nav-location=\"side\" data-bg-overlay=\"solid_color\" data-padding=\"8%\" data-autorotate=\"8000\" data-height=\"600\" data-animate-in-effect=\"zoom-out\" data-remove-post-date=\"\" data-remove-post-author=\"\" data-remove-post-comment-number=\"\" data-remove-post-nectar-love=\"\">\n      \n      <div class=\"nectar-recent-post-slide no-bg-img active post-ref-0\">\n\n        <div class=\"row-bg using-image\" data-parallax-speed=\"fast\">\n          <div class=\"nectar-recent-post-bg\"  style=\"background-image: url(https:\/\/alexenequipacionesdeportivas.com\/wp-content\/uploads\/2025\/06\/como-elegir-equipacion-deportiva.png); \"><\/div>\n        <\/div>\n\n        <div class=\"recent-post-container container\"><div class=\"inner-wrap\"><div class=\"grav-wrap\"><a href=\"https:\/\/alexenequipacionesdeportivas.com\/en\/author\/alexenequipaciones\/\"><img alt='Alexen Equipaciones Deportivas' src='https:\/\/secure.gravatar.com\/avatar\/a4b04bb9cb35c27b02b2c2789a45cfc29920176114a994977ccdd21dbe7009d0?s=70&#038;d=mm&#038;r=g' srcset='https:\/\/secure.gravatar.com\/avatar\/a4b04bb9cb35c27b02b2c2789a45cfc29920176114a994977ccdd21dbe7009d0?s=140&#038;d=mm&#038;r=g 2x' class='avatar avatar-70 photo' height='70' width='70' \/><\/a><div class=\"text\"><span>By <a href=\"https:\/\/alexenequipacionesdeportivas.com\/en\/author\/alexenequipaciones\/\" rel=\"author\">Alexen Kits Sports<\/a><\/span><span> In<\/span> <a class=\"sin-categoria\" href=\"https:\/\/alexenequipacionesdeportivas.com\/en\/category\/sin-categoria\/\"><span class=\"sin-categoria\">Without category<\/span><\/a><\/div><\/div><h2 class=\"large-featured-post-title post-ref-1\">          <a href=\" https:\/\/alexenequipacionesdeportivas.com\/en\/2025\/06\/16\/como-elegir-mejor-equipacion-deportiva\/\" class=\"full-slide-link\"> How to choose the best sports equipment <\/a>\n          <\/h2>\n                    <a class=\"nectar-button large regular accent-color regular-button has-icon\" data-arrow-style=\"default\" href=\"https:\/\/alexenequipacionesdeportivas.com\/en\/2025\/06\/16\/como-elegir-mejor-equipacion-deportiva\/\" data-color-override=\"false\" data-hover-color-override=\"false\" data-hover-text-color-override=\"#fff\" >\n            <span>Read Article<\/span>\n            <i class=\"icon-button-arrow\"><\/i>          <\/a>\n\n\n\n          <\/div><!--\/inner-wrap-->\n\n        <\/div><!--\/recent-post-container-->\n\n      <\/div><!--\/nectar-recent-post-slide-->\n\n    \n  \n      \n      <div class=\"nectar-recent-post-slide no-bg-img  post-ref-2\">\n\n        <div class=\"row-bg using-image\" data-parallax-speed=\"fast\">\n          <div class=\"nectar-recent-post-bg\"  style=\"background-image: url(https:\/\/alexenequipacionesdeportivas.com\/wp-content\/uploads\/2025\/06\/elegir-sublimacion-equipaciones-deportivas.png); \"><\/div>\n        <\/div>\n\n        <div class=\"recent-post-container container\"><div class=\"inner-wrap\"><div class=\"grav-wrap\"><a href=\"https:\/\/alexenequipacionesdeportivas.com\/en\/author\/alexenequipaciones\/\"><img alt='Alexen Equipaciones Deportivas' src='https:\/\/secure.gravatar.com\/avatar\/a4b04bb9cb35c27b02b2c2789a45cfc29920176114a994977ccdd21dbe7009d0?s=70&#038;d=mm&#038;r=g' srcset='https:\/\/secure.gravatar.com\/avatar\/a4b04bb9cb35c27b02b2c2789a45cfc29920176114a994977ccdd21dbe7009d0?s=140&#038;d=mm&#038;r=g 2x' class='avatar avatar-70 photo' height='70' width='70' \/><\/a><div class=\"text\"><span>By <a href=\"https:\/\/alexenequipacionesdeportivas.com\/en\/author\/alexenequipaciones\/\" rel=\"author\">Alexen Kits Sports<\/a><\/span><span> In<\/span> <a class=\"sin-categoria\" href=\"https:\/\/alexenequipacionesdeportivas.com\/en\/category\/sin-categoria\/\"><span class=\"sin-categoria\">Without category<\/span><\/a><\/div><\/div><h2 class=\"large-featured-post-title post-ref-1\">          <a href=\" https:\/\/alexenequipacionesdeportivas.com\/en\/2025\/06\/16\/elegir-sublimacion-equipaciones\/\" class=\"full-slide-link\"> Why choose sublimation in kits sports? <\/a>\n          <\/h2>\n                    <a class=\"nectar-button large regular accent-color regular-button has-icon\" data-arrow-style=\"default\" href=\"https:\/\/alexenequipacionesdeportivas.com\/en\/2025\/06\/16\/elegir-sublimacion-equipaciones\/\" data-color-override=\"false\" data-hover-color-override=\"false\" data-hover-text-color-override=\"#fff\" >\n            <span>Read Article<\/span>\n            <i class=\"icon-button-arrow\"><\/i>          <\/a>\n\n\n\n          <\/div><!--\/inner-wrap-->\n\n        <\/div><!--\/recent-post-container-->\n\n      <\/div><!--\/nectar-recent-post-slide-->\n\n    \n  <\/div>\n\t\t\t<\/div> \n\t\t<\/div>\n\t<\/div> \n<\/div><\/div>\n\t\t<div id=\"fws_69e25ecbcb119\"  data-column-margin=\"default\" data-midnight=\"dark\" data-top-percent=\"3%\"  class=\"wpb_row vc_row-fluid vc_row\"  style=\"padding-top: calc(100vw * 0.03); padding-bottom: 0px; \"><div class=\"row-bg-wrap\" data-bg-animation=\"none\" data-bg-animation-delay=\"\" data-bg-overlay=\"false\"><div class=\"inner-wrap row-bg-layer\" ><div class=\"row-bg viewport-desktop\"  style=\"\"><\/div><\/div><\/div><div class=\"row_col_wrap_12 col span_12 dark left\">\n\t<div  class=\"vc_col-sm-12 wpb_column column_container vc_column_container col no-extra-padding inherit_tablet inherit_phone\"  data-padding-pos=\"all\" data-has-bg-color=\"false\" data-bg-color=\"\" data-bg-opacity=\"1\" data-animation=\"\" data-delay=\"0\" >\n\t\t<div class=\"vc_column-inner\" >\n\t\t\t<div class=\"wpb_wrapper\">\n\t\t\t\t\n<div class=\"row\">\n\n <div class=\"post-area col featured_img_left span_9\" data-ams=\"\" data-remove-post-date=\"\" data-remove-post-author=\"\" data-remove-post-comment-number=\"\" data-remove-post-nectar-love=\"\"> <div class=\"posts-container\" data-load-animation=\"none\">     \n     \n<article id=\"post-6285\" class=\"post-6285 post type-post status-publish format-standard has-post-thumbnail category-sin-categoria\">  \n  <div class=\"inner-wrap animated\">\n    <div class=\"post-content\">\n      <div class=\"article-content-wrap\">\n        <div class=\"post-featured-img-wrap\">\n          <a href=\"https:\/\/alexenequipacionesdeportivas.com\/en\/2025\/06\/16\/como-elegir-mejor-equipacion-deportiva\/\" aria-label=\"How to choose the best sports equipment\"><span class=\"post-featured-img\"><img loading=\"lazy\" decoding=\"async\" width=\"900\" height=\"600\" src=\"https:\/\/alexenequipacionesdeportivas.com\/wp-content\/uploads\/2025\/06\/como-elegir-equipacion-deportiva-900x600.png\" class=\"attachment-wide_photography size-wide_photography skip-lazy wp-post-image\" alt=\"\" title=\"\" sizes=\"auto, (min-width: 690px) 40vw, 100vw\" srcset=\"https:\/\/alexenequipacionesdeportivas.com\/wp-content\/uploads\/2025\/06\/como-elegir-equipacion-deportiva-900x600.png 900w, https:\/\/alexenequipacionesdeportivas.com\/wp-content\/uploads\/2025\/06\/como-elegir-equipacion-deportiva-300x200.png 300w, https:\/\/alexenequipacionesdeportivas.com\/wp-content\/uploads\/2025\/06\/como-elegir-equipacion-deportiva-1024x683.png 1024w, https:\/\/alexenequipacionesdeportivas.com\/wp-content\/uploads\/2025\/06\/como-elegir-equipacion-deportiva-768x512.png 768w, https:\/\/alexenequipacionesdeportivas.com\/wp-content\/uploads\/2025\/06\/como-elegir-equipacion-deportiva-18x12.png 18w, https:\/\/alexenequipacionesdeportivas.com\/wp-content\/uploads\/2025\/06\/como-elegir-equipacion-deportiva.png 1536w\" \/><\/span><\/a>          \n        <\/div>\n        <div class=\"post-content-wrap\">\n          <a class=\"entire-meta-link\" href=\"https:\/\/alexenequipacionesdeportivas.com\/en\/2025\/06\/16\/como-elegir-mejor-equipacion-deportiva\/\"><span class=\"screen-reader-text\">How to choose the best sports equipment<\/span><\/a>\n          <span class=\"meta-category\"><a class=\"sin-categoria\" href=\"https:\/\/alexenequipacionesdeportivas.com\/en\/category\/sin-categoria\/\">Without category<\/a><\/span>          \n          <div class=\"post-header\">\n            <h3 class=\"title\"><a href=\"https:\/\/alexenequipacionesdeportivas.com\/en\/2025\/06\/16\/como-elegir-mejor-equipacion-deportiva\/\"> How to choose the best sports equipment<\/a><\/h3>\n          <\/div>\n          \n          <div class=\"excerpt\">How to choose the best sports equipment for your team To choose the...<\/div><div class=\"grav-wrap\"><a href=\"https:\/\/alexenequipacionesdeportivas.com\/en\/author\/alexenequipaciones\/\"><img alt='Alexen Equipaciones Deportivas' src='https:\/\/secure.gravatar.com\/avatar\/a4b04bb9cb35c27b02b2c2789a45cfc29920176114a994977ccdd21dbe7009d0?s=70&#038;d=mm&#038;r=g' srcset='https:\/\/secure.gravatar.com\/avatar\/a4b04bb9cb35c27b02b2c2789a45cfc29920176114a994977ccdd21dbe7009d0?s=140&#038;d=mm&#038;r=g 2x' class='avatar avatar-70 photo' height='70' width='70' \/><\/a><div class=\"text\"><a href=\"https:\/\/alexenequipacionesdeportivas.com\/en\/author\/alexenequipaciones\/\" rel=\"author\">Alexen Kits Sports<\/a><span>16 June 2025<\/span><\/div><\/div>        <\/div>\n      <\/div>\n    <\/div>\n  <\/div>\n<\/article>     \n     \n<article id=\"post-5618\" class=\"post-5618 post type-post status-publish format-standard has-post-thumbnail category-sin-categoria\">  \n  <div class=\"inner-wrap animated\">\n    <div class=\"post-content\">\n      <div class=\"article-content-wrap\">\n        <div class=\"post-featured-img-wrap\">\n          <a href=\"https:\/\/alexenequipacionesdeportivas.com\/en\/2025\/06\/16\/elegir-sublimacion-equipaciones\/\" aria-label=\"Why choose sublimation in kits sports?\"><span class=\"post-featured-img\"><img loading=\"lazy\" decoding=\"async\" width=\"900\" height=\"600\" src=\"https:\/\/alexenequipacionesdeportivas.com\/wp-content\/uploads\/2025\/06\/elegir-sublimacion-equipaciones-deportivas-900x600.png\" class=\"attachment-wide_photography size-wide_photography skip-lazy wp-post-image\" alt=\"\" title=\"\" sizes=\"auto, (min-width: 690px) 40vw, 100vw\" srcset=\"https:\/\/alexenequipacionesdeportivas.com\/wp-content\/uploads\/2025\/06\/elegir-sublimacion-equipaciones-deportivas-900x600.png 900w, https:\/\/alexenequipacionesdeportivas.com\/wp-content\/uploads\/2025\/06\/elegir-sublimacion-equipaciones-deportivas-300x200.png 300w, https:\/\/alexenequipacionesdeportivas.com\/wp-content\/uploads\/2025\/06\/elegir-sublimacion-equipaciones-deportivas-1024x683.png 1024w, https:\/\/alexenequipacionesdeportivas.com\/wp-content\/uploads\/2025\/06\/elegir-sublimacion-equipaciones-deportivas-768x512.png 768w, https:\/\/alexenequipacionesdeportivas.com\/wp-content\/uploads\/2025\/06\/elegir-sublimacion-equipaciones-deportivas-18x12.png 18w, https:\/\/alexenequipacionesdeportivas.com\/wp-content\/uploads\/2025\/06\/elegir-sublimacion-equipaciones-deportivas.png 1536w\" \/><\/span><\/a>          \n        <\/div>\n        <div class=\"post-content-wrap\">\n          <a class=\"entire-meta-link\" href=\"https:\/\/alexenequipacionesdeportivas.com\/en\/2025\/06\/16\/elegir-sublimacion-equipaciones\/\"><span class=\"screen-reader-text\">Why choose sublimation in kits sports?<\/span><\/a>\n          <span class=\"meta-category\"><a class=\"sin-categoria\" href=\"https:\/\/alexenequipacionesdeportivas.com\/en\/category\/sin-categoria\/\">Without category<\/a><\/span>          \n          <div class=\"post-header\">\n            <h3 class=\"title\"><a href=\"https:\/\/alexenequipacionesdeportivas.com\/en\/2025\/06\/16\/elegir-sublimacion-equipaciones\/\"> Why choose sublimation in kits sports?<\/a><\/h3>\n          <\/div>\n          \n          <div class=\"excerpt\">Why choose sublimation for your kits sports? The sublimation textile has become...<\/div><div class=\"grav-wrap\"><a href=\"https:\/\/alexenequipacionesdeportivas.com\/en\/author\/alexenequipaciones\/\"><img alt='Alexen Equipaciones Deportivas' src='https:\/\/secure.gravatar.com\/avatar\/a4b04bb9cb35c27b02b2c2789a45cfc29920176114a994977ccdd21dbe7009d0?s=70&#038;d=mm&#038;r=g' srcset='https:\/\/secure.gravatar.com\/avatar\/a4b04bb9cb35c27b02b2c2789a45cfc29920176114a994977ccdd21dbe7009d0?s=140&#038;d=mm&#038;r=g 2x' class='avatar avatar-70 photo' height='70' width='70' \/><\/a><div class=\"text\"><a href=\"https:\/\/alexenequipacionesdeportivas.com\/en\/author\/alexenequipaciones\/\" rel=\"author\">Alexen Kits Sports<\/a><span>16 June 2025<\/span><\/div><\/div>        <\/div>\n      <\/div>\n    <\/div>\n  <\/div>\n<\/article>    \n    <\/div><!--\/posts container-->\n    \n      \n<\/div><!--\/post area-->\n\n  \n  <div id=\"sidebar\" data-nectar-ss=\"true\" class=\"col span_3 col_last\">\n    <div id=\"block-2\" class=\"widget widget_block widget_search\"><form role=\"search\" method=\"get\" action=\"https:\/\/alexenequipacionesdeportivas.com\/en\/\" class=\"wp-block-search__button-outside wp-block-search__text-button wp-block-search\" data-trp-original-action=\"https:\/\/alexenequipacionesdeportivas.com\/en\/\"    ><label class=\"wp-block-search__label\" for=\"wp-block-search__input-1\" >Search<\/label><div class=\"wp-block-search__inside-wrapper\" ><input class=\"wp-block-search__input\" id=\"wp-block-search__input-1\" placeholder=\"\" value=\"\" type=\"search\" name=\"s\" required \/><button aria-label=\"Search\" class=\"wp-block-search__button wp-element-button\" type=\"submit\" >Search<\/button><\/div><input type=\"hidden\" name=\"trp-form-language\" value=\"en\"\/><\/form><\/div><div id=\"block-3\" class=\"widget widget_block\">\n<div class=\"wp-block-group is-layout-flow wp-block-group-is-layout-flow\"><\/div>\n<\/div><div id=\"block-4\" class=\"widget widget_block\">\n<div class=\"wp-block-group is-layout-flow wp-block-group-is-layout-flow\"><\/div>\n<\/div>\n\t\t<div id=\"recent-posts-1\" class=\"widget widget_recent_entries\">\n\t\t<h4>Recent Posts<\/h4>\n\t\t<ul>\n\t\t\t\t\t\t\t\t\t\t\t<li>\n\t\t\t\t\t<a href=\"https:\/\/alexenequipacionesdeportivas.com\/en\/2025\/06\/16\/como-elegir-mejor-equipacion-deportiva\/\">How to choose the best sports equipment<\/a>\n\t\t\t\t\t\t\t\t\t\t\t<span class=\"post-date\">16 June 2025<\/span>\n\t\t\t\t\t\t\t\t\t<\/li>\n\t\t\t\t\t\t\t\t\t\t\t<li>\n\t\t\t\t\t<a href=\"https:\/\/alexenequipacionesdeportivas.com\/en\/2025\/06\/16\/elegir-sublimacion-equipaciones\/\">Why choose sublimation in kits sports?<\/a>\n\t\t\t\t\t\t\t\t\t\t\t<span class=\"post-date\">16 June 2025<\/span>\n\t\t\t\t\t\t\t\t\t<\/li>\n\t\t\t\t\t<\/ul>\n\n\t\t<\/div><div id=\"archives-1\" class=\"widget widget_archive\"><h4>Archives<\/h4>\n\t\t\t<ul>\n\t\t\t\t\t<li><a href='https:\/\/alexenequipacionesdeportivas.com\/en\/2025\/06\/'>June 2025<\/a><\/li>\n\t\t\t<\/ul>\n\n\t\t\t<\/div><div id=\"categories-2\" class=\"widget widget_categories\"><h4>Categories<\/h4>\n\t\t\t<ul>\n\t\t\t\t\t<li class=\"cat-item cat-item-1\"><a href=\"https:\/\/alexenequipacionesdeportivas.com\/en\/category\/sin-categoria\/\">Without category<\/a>\n<\/li>\n\t\t\t<\/ul>\n\n\t\t\t<\/div>  <\/div><!--\/span_3-->\n \n<\/div>\n\n\n\t\t\t<\/div> \n\t\t<\/div>\n\t<\/div> \n<\/div><\/div>","protected":false},"excerpt":{"rendered":"\u00bfPor qu\u00e9 elegir la sublimaci\u00f3n para tus equipaciones deportivas? La sublimaci\u00f3n textil se ha convertido...","protected":false},"author":1,"featured_media":0,"parent":0,"menu_order":0,"comment_status":"closed","ping_status":"closed","template":"","meta":{"footnotes":""},"class_list":["post-13","page","type-page","status-publish"],"yoast_head":"<!-- This site is optimized with the Yoast SEO plugin v26.8 - https:\/\/yoast.com\/product\/yoast-seo-wordpress\/ -->\n<title>Blog - Alexenequipacionesdeportivas<\/title>\n<meta name=\"description\" content=\"En nuestro blog, encontraras art\u00edculos relacionados con el textil y las equipaciones deportivas personalizadas.\" \/>\n<meta name=\"robots\" content=\"index, follow, max-snippet:-1, max-image-preview:large, max-video-preview:-1\" \/>\n<link rel=\"canonical\" href=\"https:\/\/alexenequipacionesdeportivas.com\/en\/blog\/\" \/>\n<meta property=\"og:locale\" content=\"en_GB\" \/>\n<meta property=\"og:type\" content=\"article\" \/>\n<meta property=\"og:title\" content=\"Blog - Alexenequipacionesdeportivas\" \/>\n<meta property=\"og:description\" content=\"En nuestro blog, encontraras art\u00edculos relacionados con el textil y las equipaciones deportivas personalizadas.\" \/>\n<meta property=\"og:url\" content=\"https:\/\/alexenequipacionesdeportivas.com\/en\/blog\/\" \/>\n<meta property=\"og:site_name\" content=\"Alexenequipacionesdeportivas\" \/>\n<meta property=\"article:modified_time\" content=\"2025-07-04T10:27:32+00:00\" \/>\n<meta name=\"twitter:card\" content=\"summary_large_image\" \/>\n<script type=\"application\/ld+json\" class=\"yoast-schema-graph\">{\"@context\":\"https:\/\/schema.org\",\"@graph\":[{\"@type\":\"WebPage\",\"@id\":\"https:\/\/alexenequipacionesdeportivas.com\/blog\/\",\"url\":\"https:\/\/alexenequipacionesdeportivas.com\/blog\/\",\"name\":\"Blog - Alexenequipacionesdeportivas\",\"isPartOf\":{\"@id\":\"https:\/\/alexenequipacionesdeportivas.com\/#website\"},\"datePublished\":\"2017-02-07T15:22:36+00:00\",\"dateModified\":\"2025-07-04T10:27:32+00:00\",\"description\":\"En nuestro blog, encontraras art\u00edculos relacionados con el textil y las equipaciones deportivas personalizadas.\",\"breadcrumb\":{\"@id\":\"https:\/\/alexenequipacionesdeportivas.com\/blog\/#breadcrumb\"},\"inLanguage\":\"en-GB\",\"potentialAction\":[{\"@type\":\"ReadAction\",\"target\":[\"https:\/\/alexenequipacionesdeportivas.com\/blog\/\"]}]},{\"@type\":\"BreadcrumbList\",\"@id\":\"https:\/\/alexenequipacionesdeportivas.com\/blog\/#breadcrumb\",\"itemListElement\":[{\"@type\":\"ListItem\",\"position\":1,\"name\":\"Portada\",\"item\":\"https:\/\/alexenequipacionesdeportivas.com\/\"},{\"@type\":\"ListItem\",\"position\":2,\"name\":\"Blog\"}]},{\"@type\":\"WebSite\",\"@id\":\"https:\/\/alexenequipacionesdeportivas.com\/#website\",\"url\":\"https:\/\/alexenequipacionesdeportivas.com\/\",\"name\":\"Alexen Equipaciones Deportivas\",\"description\":\"\",\"publisher\":{\"@id\":\"https:\/\/alexenequipacionesdeportivas.com\/#organization\"},\"potentialAction\":[{\"@type\":\"SearchAction\",\"target\":{\"@type\":\"EntryPoint\",\"urlTemplate\":\"https:\/\/alexenequipacionesdeportivas.com\/?s={search_term_string}\"},\"query-input\":{\"@type\":\"PropertyValueSpecification\",\"valueRequired\":true,\"valueName\":\"search_term_string\"}}],\"inLanguage\":\"en-GB\"},{\"@type\":\"Organization\",\"@id\":\"https:\/\/alexenequipacionesdeportivas.com\/#organization\",\"name\":\"Alexen Equipaciones Deportivas\",\"url\":\"https:\/\/alexenequipacionesdeportivas.com\/\",\"logo\":{\"@type\":\"ImageObject\",\"inLanguage\":\"en-GB\",\"@id\":\"https:\/\/alexenequipacionesdeportivas.com\/#\/schema\/logo\/image\/\",\"url\":\"https:\/\/alexenequipacionesdeportivas.com\/wp-content\/uploads\/2025\/06\/alexen-equipaciones-deportivas-logo-header-retina-oscuro.png\",\"contentUrl\":\"https:\/\/alexenequipacionesdeportivas.com\/wp-content\/uploads\/2025\/06\/alexen-equipaciones-deportivas-logo-header-retina-oscuro.png\",\"width\":600,\"height\":210,\"caption\":\"Alexen Equipaciones Deportivas\"},\"image\":{\"@id\":\"https:\/\/alexenequipacionesdeportivas.com\/#\/schema\/logo\/image\/\"}}]}<\/script>\n<!-- \/ Yoast SEO plugin. -->","yoast_head_json":{"title":"Blog - Alexenequipacionesdeportivas","description":"En nuestro blog, encontraras art\u00edculos relacionados con el textil y las equipaciones deportivas personalizadas.","robots":{"index":"index","follow":"follow","max-snippet":"max-snippet:-1","max-image-preview":"max-image-preview:large","max-video-preview":"max-video-preview:-1"},"canonical":"https:\/\/alexenequipacionesdeportivas.com\/en\/blog\/","og_locale":"en_GB","og_type":"article","og_title":"Blog - Alexenequipacionesdeportivas","og_description":"En nuestro blog, encontraras art\u00edculos relacionados con el textil y las equipaciones deportivas personalizadas.","og_url":"https:\/\/alexenequipacionesdeportivas.com\/en\/blog\/","og_site_name":"Alexenequipacionesdeportivas","article_modified_time":"2025-07-04T10:27:32+00:00","twitter_card":"summary_large_image","schema":{"@context":"https:\/\/schema.org","@graph":[{"@type":"WebPage","@id":"https:\/\/alexenequipacionesdeportivas.com\/blog\/","url":"https:\/\/alexenequipacionesdeportivas.com\/blog\/","name":"Blog - Alexenequipacionesdeportivas","isPartOf":{"@id":"https:\/\/alexenequipacionesdeportivas.com\/#website"},"datePublished":"2017-02-07T15:22:36+00:00","dateModified":"2025-07-04T10:27:32+00:00","description":"En nuestro blog, encontraras art\u00edculos relacionados con el textil y las equipaciones deportivas personalizadas.","breadcrumb":{"@id":"https:\/\/alexenequipacionesdeportivas.com\/blog\/#breadcrumb"},"inLanguage":"en-GB","potentialAction":[{"@type":"ReadAction","target":["https:\/\/alexenequipacionesdeportivas.com\/blog\/"]}]},{"@type":"BreadcrumbList","@id":"https:\/\/alexenequipacionesdeportivas.com\/blog\/#breadcrumb","itemListElement":[{"@type":"ListItem","position":1,"name":"Portada","item":"https:\/\/alexenequipacionesdeportivas.com\/"},{"@type":"ListItem","position":2,"name":"Blog"}]},{"@type":"WebSite","@id":"https:\/\/alexenequipacionesdeportivas.com\/#website","url":"https:\/\/alexenequipacionesdeportivas.com\/","name":"Alexen Kits Sports","description":"","publisher":{"@id":"https:\/\/alexenequipacionesdeportivas.com\/#organization"},"potentialAction":[{"@type":"SearchAction","target":{"@type":"EntryPoint","urlTemplate":"https:\/\/alexenequipacionesdeportivas.com\/?s={search_term_string}"},"query-input":{"@type":"PropertyValueSpecification","valueRequired":true,"valueName":"search_term_string"}}],"inLanguage":"en-GB"},{"@type":"Organization","@id":"https:\/\/alexenequipacionesdeportivas.com\/#organization","name":"Alexen Kits Sports","url":"https:\/\/alexenequipacionesdeportivas.com\/","logo":{"@type":"ImageObject","inLanguage":"en-GB","@id":"https:\/\/alexenequipacionesdeportivas.com\/#\/schema\/logo\/image\/","url":"https:\/\/alexenequipacionesdeportivas.com\/wp-content\/uploads\/2025\/06\/alexen-equipaciones-deportivas-logo-header-retina-oscuro.png","contentUrl":"https:\/\/alexenequipacionesdeportivas.com\/wp-content\/uploads\/2025\/06\/alexen-equipaciones-deportivas-logo-header-retina-oscuro.png","width":600,"height":210,"caption":"Alexen Equipaciones Deportivas"},"image":{"@id":"https:\/\/alexenequipacionesdeportivas.com\/#\/schema\/logo\/image\/"}}]}},"_links":{"self":[{"href":"https:\/\/alexenequipacionesdeportivas.com\/en\/wp-json\/wp\/v2\/pages\/13","targetHints":{"allow":["GET"]}}],"collection":[{"href":"https:\/\/alexenequipacionesdeportivas.com\/en\/wp-json\/wp\/v2\/pages"}],"about":[{"href":"https:\/\/alexenequipacionesdeportivas.com\/en\/wp-json\/wp\/v2\/types\/page"}],"author":[{"embeddable":true,"href":"https:\/\/alexenequipacionesdeportivas.com\/en\/wp-json\/wp\/v2\/users\/1"}],"replies":[{"embeddable":true,"href":"https:\/\/alexenequipacionesdeportivas.com\/en\/wp-json\/wp\/v2\/comments?post=13"}],"version-history":[{"count":5,"href":"https:\/\/alexenequipacionesdeportivas.com\/en\/wp-json\/wp\/v2\/pages\/13\/revisions"}],"predecessor-version":[{"id":6468,"href":"https:\/\/alexenequipacionesdeportivas.com\/en\/wp-json\/wp\/v2\/pages\/13\/revisions\/6468"}],"wp:attachment":[{"href":"https:\/\/alexenequipacionesdeportivas.com\/en\/wp-json\/wp\/v2\/media?parent=13"}],"curies":[{"name":"wp","href":"https:\/\/api.w.org\/{rel}","templated":true}]}}