{"id":6803,"date":"2026-02-02T12:48:22","date_gmt":"2026-02-02T11:48:22","guid":{"rendered":"https:\/\/alexenequipacionesdeportivas.com\/?page_id=6803"},"modified":"2026-02-02T12:50:47","modified_gmt":"2026-02-02T11:50:47","slug":"aviso-legal","status":"publish","type":"page","link":"https:\/\/alexenequipacionesdeportivas.com\/en\/aviso-legal\/","title":{"rendered":"Aviso Legal"},"content":{"rendered":"<div id=\"fws_69e25fe77b6e2\"  data-column-margin=\"default\" data-midnight=\"dark\"  class=\"wpb_row vc_row-fluid vc_row\"  style=\"padding-top: 0px; padding-bottom: 0px; \"><div class=\"row-bg-wrap\" data-bg-animation=\"none\" data-bg-animation-delay=\"\" data-bg-overlay=\"false\"><div class=\"inner-wrap row-bg-layer\" ><div class=\"row-bg viewport-desktop\"  style=\"\"><\/div><\/div><\/div><div class=\"row_col_wrap_12 col span_12 dark left\">\n\t<div  class=\"vc_col-sm-12 wpb_column column_container vc_column_container col no-extra-padding inherit_tablet inherit_phone\"  data-padding-pos=\"all\" data-has-bg-color=\"false\" data-bg-color=\"\" data-bg-opacity=\"1\" data-animation=\"\" data-delay=\"0\" >\n\t\t<div class=\"vc_column-inner\" >\n\t\t\t<div class=\"wpb_wrapper\">\n\t\t\t\t\n<div class=\"wpb_text_column wpb_content_element\" >\n\t<div class=\"wpb_wrapper\">\n\t\t<h1 class=\"wp-block-heading\">Aviso Legal<\/h1>\n<p>Por favor, lee atentamente el siguiente Aviso Legal que regula el acceso y el uso del sitio web https:\/\/alexenequipacionesdeportivas.com (en adelante, \u00abRODRIGUEZ SANCHEZ, MANUEL\u00bb). Este Aviso Legal establece las condiciones de uso y las limitaciones de responsabilidad que debes tener en cuenta al acceder y utilizar el Sitio Web.<\/p>\n<h2><strong>Condiciones de Uso<\/strong><\/h2>\n<p>El acceso y uso del Sitio Web est\u00e1n sujetos a las siguientes condiciones:<\/p>\n<ol>\n<li><strong>Propiedad Intelectual:<\/strong> Todos los derechos de propiedad intelectual del contenido del Sitio Web, incluyendo textos, im\u00e1genes, dise\u00f1o gr\u00e1fico, logotipos, sonidos, software, y otros elementos, son propiedad de RODRIGUEZ SANCHEZ, MANUEL o de terceros que han autorizado su uso. Queda estrictamente prohibida la reproducci\u00f3n, distribuci\u00f3n, o modificaci\u00f3n de cualquier contenido sin la autorizaci\u00f3n previa y por escrito de RODRIGUEZ SANCHEZ, MANUEL.<\/li>\n<li><strong>Enlaces:<\/strong> El Sitio Web puede contener enlaces a sitios web de terceros. RODRIGUEZ SANCHEZ, MANUEL no se responsabiliza del contenido de estos sitios ni de los posibles da\u00f1os o perjuicios que puedan surgir por su uso.<\/li>\n<li><strong>Privacidad:<\/strong>\u00a0La recopilaci\u00f3n y tratamiento de datos personales se rige por nuestra Pol\u00edtica de Privacidad. Te recomendamos revisar esta pol\u00edtica para comprender c\u00f3mo gestionamos tus datos.<\/li>\n<li><strong>Exclusi\u00f3n de Responsabilidad:<\/strong> RODRIGUEZ SANCHEZ, MANUEL no se responsabiliza de posibles errores u omisiones en el contenido del Sitio Web ni de los da\u00f1os derivados del uso de la informaci\u00f3n proporcionada.<\/li>\n<\/ol>\n<h2><strong>Ley Aplicable y Jurisdicci\u00f3n<\/strong><\/h2>\n<p>Este Aviso Legal se rige por la legislaci\u00f3n espa\u00f1ola. Cualquier disputa que surja en relaci\u00f3n con este Sitio Web estar\u00e1 sujeta a la jurisdicci\u00f3n de los tribunales de Sevilla (o el lugar que corresponda seg\u00fan la legislaci\u00f3n aplicable).<\/p>\n<h2><strong>Aceptaci\u00f3n de las Condiciones<\/strong><\/h2>\n<p>Al acceder y utilizar el Sitio Web, aceptas y te comprometes a cumplir con las condiciones establecidas en este Aviso Legal. Si no est\u00e1s de acuerdo con estas condiciones, te recomendamos que no utilices el Sitio Web.<\/p>\n<p>RODRIGUEZ SANCHEZ, MANUEL se reserva el derecho de modificar este Aviso Legal en cualquier momento.<\/p>\n<p>Nos reservamos el derecho a rechazar, cancelar o reducir la cantidad de cualquier pedido, de forma parcial o total, en cualquier momento antes del env\u00edo.<\/p>\n<p>Nos reservamos el derecho a cancelar cualquier cuenta o negarnos a realizar env\u00edos a ciertas direcciones por sospechas de fraude, actividad no autorizada o ilegal.<\/p>\n<h2><strong>Contact<\/strong><\/h2>\n<p>Si tienes alguna pregunta o comentario sobre este Aviso Legal, por favor, cont\u00e1ctanos a trav\u00e9s de la informaci\u00f3n de contacto proporcionada en el Sitio Web.<\/p>\n<h2><strong>Datos identificativos<\/strong><\/h2>\n<h3 id=\"identidad-del-responsable\"><!-- notionvc: f694d067-6dd9-48f7-9365-9a8334415a30 --><\/h3>\n<ul>\n<li>Titular: RODRIGUEZ SANCHEZ, MANUEL<\/li>\n<li>CIF: 28460614T<\/li>\n<li>Direcci\u00f3n: PABLO SOROZABAL, 16, 41960 (Gines)<\/li>\n<li>Correo electr\u00f3nico: info@alexenequipacionesdeportivas.com<!-- notionvc: 3e6231c4-89cd-481b-8f46-d36e93bbd1f8 --><\/li>\n<li>Sitio Web: \u00a0620324774<\/li>\n<\/ul>\n\t<\/div>\n<\/div>\n\n\n\n\n\t\t\t<\/div> \n\t\t<\/div>\n\t<\/div> \n<\/div><\/div>","protected":false},"excerpt":{"rendered":"Aviso Legal Por favor, lee atentamente el siguiente Aviso Legal que regula el acceso y...","protected":false},"author":1,"featured_media":0,"parent":0,"menu_order":0,"comment_status":"closed","ping_status":"open","template":"","meta":{"footnotes":""},"class_list":["post-6803","page","type-page","status-publish"],"yoast_head":"<!-- This site is optimized with the Yoast SEO plugin v26.8 - https:\/\/yoast.com\/product\/yoast-seo-wordpress\/ -->\n<title>Aviso Legal - Alexenequipacionesdeportivas<\/title>\n<meta name=\"robots\" content=\"noindex, nofollow\" \/>\n<meta property=\"og:locale\" content=\"en_GB\" \/>\n<meta property=\"og:type\" content=\"article\" \/>\n<meta property=\"og:title\" content=\"Aviso Legal - Alexenequipacionesdeportivas\" \/>\n<meta property=\"og:url\" content=\"https:\/\/alexenequipacionesdeportivas.com\/en\/aviso-legal\/\" \/>\n<meta property=\"og:site_name\" content=\"Alexenequipacionesdeportivas\" \/>\n<meta property=\"article:modified_time\" content=\"2026-02-02T11:50:47+00:00\" \/>\n<meta name=\"twitter:card\" content=\"summary_large_image\" \/>\n<meta name=\"twitter:label1\" content=\"Estimated reading time\" \/>\n\t<meta name=\"twitter:data1\" content=\"7 minutes\" \/>\n<script type=\"application\/ld+json\" class=\"yoast-schema-graph\">{\"@context\":\"https:\/\/schema.org\",\"@graph\":[{\"@type\":\"WebPage\",\"@id\":\"https:\/\/alexenequipacionesdeportivas.com\/aviso-legal\/\",\"url\":\"https:\/\/alexenequipacionesdeportivas.com\/aviso-legal\/\",\"name\":\"Aviso Legal - Alexenequipacionesdeportivas\",\"isPartOf\":{\"@id\":\"https:\/\/alexenequipacionesdeportivas.com\/#website\"},\"datePublished\":\"2026-02-02T11:48:22+00:00\",\"dateModified\":\"2026-02-02T11:50:47+00:00\",\"breadcrumb\":{\"@id\":\"https:\/\/alexenequipacionesdeportivas.com\/aviso-legal\/#breadcrumb\"},\"inLanguage\":\"en-GB\",\"potentialAction\":[{\"@type\":\"ReadAction\",\"target\":[\"https:\/\/alexenequipacionesdeportivas.com\/aviso-legal\/\"]}]},{\"@type\":\"BreadcrumbList\",\"@id\":\"https:\/\/alexenequipacionesdeportivas.com\/aviso-legal\/#breadcrumb\",\"itemListElement\":[{\"@type\":\"ListItem\",\"position\":1,\"name\":\"Portada\",\"item\":\"https:\/\/alexenequipacionesdeportivas.com\/\"},{\"@type\":\"ListItem\",\"position\":2,\"name\":\"Aviso Legal\"}]},{\"@type\":\"WebSite\",\"@id\":\"https:\/\/alexenequipacionesdeportivas.com\/#website\",\"url\":\"https:\/\/alexenequipacionesdeportivas.com\/\",\"name\":\"Alexen Equipaciones Deportivas\",\"description\":\"\",\"publisher\":{\"@id\":\"https:\/\/alexenequipacionesdeportivas.com\/#organization\"},\"potentialAction\":[{\"@type\":\"SearchAction\",\"target\":{\"@type\":\"EntryPoint\",\"urlTemplate\":\"https:\/\/alexenequipacionesdeportivas.com\/?s={search_term_string}\"},\"query-input\":{\"@type\":\"PropertyValueSpecification\",\"valueRequired\":true,\"valueName\":\"search_term_string\"}}],\"inLanguage\":\"en-GB\"},{\"@type\":\"Organization\",\"@id\":\"https:\/\/alexenequipacionesdeportivas.com\/#organization\",\"name\":\"Alexen Equipaciones Deportivas\",\"url\":\"https:\/\/alexenequipacionesdeportivas.com\/\",\"logo\":{\"@type\":\"ImageObject\",\"inLanguage\":\"en-GB\",\"@id\":\"https:\/\/alexenequipacionesdeportivas.com\/#\/schema\/logo\/image\/\",\"url\":\"https:\/\/alexenequipacionesdeportivas.com\/wp-content\/uploads\/2025\/06\/alexen-equipaciones-deportivas-logo-header-retina-oscuro.png\",\"contentUrl\":\"https:\/\/alexenequipacionesdeportivas.com\/wp-content\/uploads\/2025\/06\/alexen-equipaciones-deportivas-logo-header-retina-oscuro.png\",\"width\":600,\"height\":210,\"caption\":\"Alexen Equipaciones Deportivas\"},\"image\":{\"@id\":\"https:\/\/alexenequipacionesdeportivas.com\/#\/schema\/logo\/image\/\"}}]}<\/script>\n<!-- \/ Yoast SEO plugin. -->","yoast_head_json":{"title":"Aviso Legal - Alexenequipacionesdeportivas","robots":{"index":"noindex","follow":"nofollow"},"og_locale":"en_GB","og_type":"article","og_title":"Aviso Legal - Alexenequipacionesdeportivas","og_url":"https:\/\/alexenequipacionesdeportivas.com\/en\/aviso-legal\/","og_site_name":"Alexenequipacionesdeportivas","article_modified_time":"2026-02-02T11:50:47+00:00","twitter_card":"summary_large_image","twitter_misc":{"Estimated reading time":"7 minutes"},"schema":{"@context":"https:\/\/schema.org","@graph":[{"@type":"WebPage","@id":"https:\/\/alexenequipacionesdeportivas.com\/aviso-legal\/","url":"https:\/\/alexenequipacionesdeportivas.com\/aviso-legal\/","name":"Aviso Legal - Alexenequipacionesdeportivas","isPartOf":{"@id":"https:\/\/alexenequipacionesdeportivas.com\/#website"},"datePublished":"2026-02-02T11:48:22+00:00","dateModified":"2026-02-02T11:50:47+00:00","breadcrumb":{"@id":"https:\/\/alexenequipacionesdeportivas.com\/aviso-legal\/#breadcrumb"},"inLanguage":"en-GB","potentialAction":[{"@type":"ReadAction","target":["https:\/\/alexenequipacionesdeportivas.com\/aviso-legal\/"]}]},{"@type":"BreadcrumbList","@id":"https:\/\/alexenequipacionesdeportivas.com\/aviso-legal\/#breadcrumb","itemListElement":[{"@type":"ListItem","position":1,"name":"Portada","item":"https:\/\/alexenequipacionesdeportivas.com\/"},{"@type":"ListItem","position":2,"name":"Aviso Legal"}]},{"@type":"WebSite","@id":"https:\/\/alexenequipacionesdeportivas.com\/#website","url":"https:\/\/alexenequipacionesdeportivas.com\/","name":"Alexen Kits Sports","description":"","publisher":{"@id":"https:\/\/alexenequipacionesdeportivas.com\/#organization"},"potentialAction":[{"@type":"SearchAction","target":{"@type":"EntryPoint","urlTemplate":"https:\/\/alexenequipacionesdeportivas.com\/?s={search_term_string}"},"query-input":{"@type":"PropertyValueSpecification","valueRequired":true,"valueName":"search_term_string"}}],"inLanguage":"en-GB"},{"@type":"Organization","@id":"https:\/\/alexenequipacionesdeportivas.com\/#organization","name":"Alexen Kits Sports","url":"https:\/\/alexenequipacionesdeportivas.com\/","logo":{"@type":"ImageObject","inLanguage":"en-GB","@id":"https:\/\/alexenequipacionesdeportivas.com\/#\/schema\/logo\/image\/","url":"https:\/\/alexenequipacionesdeportivas.com\/wp-content\/uploads\/2025\/06\/alexen-equipaciones-deportivas-logo-header-retina-oscuro.png","contentUrl":"https:\/\/alexenequipacionesdeportivas.com\/wp-content\/uploads\/2025\/06\/alexen-equipaciones-deportivas-logo-header-retina-oscuro.png","width":600,"height":210,"caption":"Alexen Equipaciones Deportivas"},"image":{"@id":"https:\/\/alexenequipacionesdeportivas.com\/#\/schema\/logo\/image\/"}}]}},"_links":{"self":[{"href":"https:\/\/alexenequipacionesdeportivas.com\/en\/wp-json\/wp\/v2\/pages\/6803","targetHints":{"allow":["GET"]}}],"collection":[{"href":"https:\/\/alexenequipacionesdeportivas.com\/en\/wp-json\/wp\/v2\/pages"}],"about":[{"href":"https:\/\/alexenequipacionesdeportivas.com\/en\/wp-json\/wp\/v2\/types\/page"}],"author":[{"embeddable":true,"href":"https:\/\/alexenequipacionesdeportivas.com\/en\/wp-json\/wp\/v2\/users\/1"}],"replies":[{"embeddable":true,"href":"https:\/\/alexenequipacionesdeportivas.com\/en\/wp-json\/wp\/v2\/comments?post=6803"}],"version-history":[{"count":2,"href":"https:\/\/alexenequipacionesdeportivas.com\/en\/wp-json\/wp\/v2\/pages\/6803\/revisions"}],"predecessor-version":[{"id":6805,"href":"https:\/\/alexenequipacionesdeportivas.com\/en\/wp-json\/wp\/v2\/pages\/6803\/revisions\/6805"}],"wp:attachment":[{"href":"https:\/\/alexenequipacionesdeportivas.com\/en\/wp-json\/wp\/v2\/media?parent=6803"}],"curies":[{"name":"wp","href":"https:\/\/api.w.org\/{rel}","templated":true}]}}